{"id":19,"date":"2014-05-24T20:56:53","date_gmt":"2014-05-24T20:56:53","guid":{"rendered":"http:\/\/localhost\/tm\/?page_id=19"},"modified":"2014-09-10T18:01:11","modified_gmt":"2014-09-10T18:01:11","slug":"about-mandala-group","status":"publish","type":"page","link":"https:\/\/mgpevent.com\/fr\/about-mandala-group\/","title":{"rendered":"About Mandala Group"},"content":{"rendered":"<p class=\"qtranxs-available-languages-message qtranxs-available-languages-message-fr\">D\u00e9sol\u00e9, cet article est seulement disponible en <a href=\"https:\/\/mgpevent.com\/en\/wp-json\/wp\/v2\/pages\/19\" class=\"qtranxs-available-language-link qtranxs-available-language-link-en\" title=\"English\">Anglais Am\u00e9ricain<\/a>.<\/p>","protected":false},"excerpt":{"rendered":"<p>D\u00e9sol\u00e9, cet article est seulement disponible en Anglais Am\u00e9ricain.<\/p>\n","protected":false},"author":5,"featured_media":0,"parent":0,"menu_order":8,"comment_status":"open","ping_status":"open","template":"page-about-mandala-group.php","meta":[],"_links":{"self":[{"href":"https:\/\/mgpevent.com\/fr\/wp-json\/wp\/v2\/pages\/19"}],"collection":[{"href":"https:\/\/mgpevent.com\/fr\/wp-json\/wp\/v2\/pages"}],"about":[{"href":"https:\/\/mgpevent.com\/fr\/wp-json\/wp\/v2\/types\/page"}],"author":[{"embeddable":true,"href":"https:\/\/mgpevent.com\/fr\/wp-json\/wp\/v2\/users\/5"}],"replies":[{"embeddable":true,"href":"https:\/\/mgpevent.com\/fr\/wp-json\/wp\/v2\/comments?post=19"}],"version-history":[{"count":17,"href":"https:\/\/mgpevent.com\/fr\/wp-json\/wp\/v2\/pages\/19\/revisions"}],"predecessor-version":[{"id":165,"href":"https:\/\/mgpevent.com\/fr\/wp-json\/wp\/v2\/pages\/19\/revisions\/165"}],"wp:attachment":[{"href":"https:\/\/mgpevent.com\/fr\/wp-json\/wp\/v2\/media?parent=19"}],"curies":[{"name":"wp","href":"https:\/\/api.w.org\/{rel}","templated":true}]}}